{"id":157,"date":"2025-12-24T13:09:01","date_gmt":"2025-12-24T13:09:01","guid":{"rendered":"https:\/\/pkcbtm.freeko.pl\/sklep\/produkt\/tefal-optigrill-xl\/"},"modified":"2025-12-24T13:09:01","modified_gmt":"2025-12-24T13:09:01","slug":"tefal-optigrill-xl","status":"publish","type":"product","link":"https:\/\/warsztatonline.com\/sklep\/produkt\/tefal-optigrill-xl\/","title":{"rendered":"Tefal OptiGrill+ XL"},"content":{"rendered":"<p>Grill elektryczny Tefal OptiGrill+ XL. Automatyczne programy i precyzyjne ustawienia. \u015awietny do przygotowywania zdrowych posi\u0142k\u00f3w.<\/p>\n","protected":false},"excerpt":{"rendered":"<p>Grill elektryczny Tefal OptiGrill+ XL. Automatyczne programy i precyzyjne ustawienia. \u015awietny do przygotowywania zdrowych posi\u0142k\u00f3w.<\/p>\n","protected":false},"featured_media":0,"comment_status":"open","ping_status":"closed","template":"","meta":[],"product_brand":[],"product_cat":[26],"product_tag":[],"class_list":{"0":"post-157","1":"product","2":"type-product","3":"status-publish","5":"product_cat-male-agd","7":"first","8":"instock","9":"taxable","10":"shipping-taxable","11":"purchasable","12":"product-type-simple"},"_links":{"self":[{"href":"https:\/\/warsztatonline.com\/sklep\/wp-json\/wp\/v2\/product\/157","targetHints":{"allow":["GET"]}}],"collection":[{"href":"https:\/\/warsztatonline.com\/sklep\/wp-json\/wp\/v2\/product"}],"about":[{"href":"https:\/\/warsztatonline.com\/sklep\/wp-json\/wp\/v2\/types\/product"}],"replies":[{"embeddable":true,"href":"https:\/\/warsztatonline.com\/sklep\/wp-json\/wp\/v2\/comments?post=157"}],"wp:attachment":[{"href":"https:\/\/warsztatonline.com\/sklep\/wp-json\/wp\/v2\/media?parent=157"}],"wp:term":[{"taxonomy":"product_brand","embeddable":true,"href":"https:\/\/warsztatonline.com\/sklep\/wp-json\/wp\/v2\/product_brand?post=157"},{"taxonomy":"product_cat","embeddable":true,"href":"https:\/\/warsztatonline.com\/sklep\/wp-json\/wp\/v2\/product_cat?post=157"},{"taxonomy":"product_tag","embeddable":true,"href":"https:\/\/warsztatonline.com\/sklep\/wp-json\/wp\/v2\/product_tag?post=157"}],"curies":[{"name":"wp","href":"https:\/\/api.w.org\/{rel}","templated":true}]}}