{"id":158,"date":"2025-12-24T13:09:01","date_gmt":"2025-12-24T13:09:01","guid":{"rendered":"https:\/\/pkcbtm.freeko.pl\/sklep\/produkt\/xiaomi-mi-electric-scooter\/"},"modified":"2025-12-24T13:09:01","modified_gmt":"2025-12-24T13:09:01","slug":"xiaomi-mi-electric-scooter","status":"publish","type":"product","link":"https:\/\/warsztatonline.com\/sklep\/produkt\/xiaomi-mi-electric-scooter\/","title":{"rendered":"Xiaomi Mi Electric Scooter"},"content":{"rendered":"<p>Hulajnoga elektryczna Xiaomi Mi. Lekka i zwrotna. Doskona\u0142a do szybkiego przemieszczania si\u0119 po mie\u015bcie.<\/p>\n","protected":false},"excerpt":{"rendered":"<p>Hulajnoga elektryczna Xiaomi Mi. Lekka i zwrotna. Doskona\u0142a do szybkiego przemieszczania si\u0119 po mie\u015bcie.<\/p>\n","protected":false},"featured_media":0,"comment_status":"open","ping_status":"closed","template":"","meta":[],"product_brand":[],"product_cat":[21],"product_tag":[],"class_list":{"0":"post-158","1":"product","2":"type-product","3":"status-publish","5":"product_cat-sport-i-rekreacja","7":"first","8":"instock","9":"taxable","10":"shipping-taxable","11":"purchasable","12":"product-type-simple"},"_links":{"self":[{"href":"https:\/\/warsztatonline.com\/sklep\/wp-json\/wp\/v2\/product\/158","targetHints":{"allow":["GET"]}}],"collection":[{"href":"https:\/\/warsztatonline.com\/sklep\/wp-json\/wp\/v2\/product"}],"about":[{"href":"https:\/\/warsztatonline.com\/sklep\/wp-json\/wp\/v2\/types\/product"}],"replies":[{"embeddable":true,"href":"https:\/\/warsztatonline.com\/sklep\/wp-json\/wp\/v2\/comments?post=158"}],"wp:attachment":[{"href":"https:\/\/warsztatonline.com\/sklep\/wp-json\/wp\/v2\/media?parent=158"}],"wp:term":[{"taxonomy":"product_brand","embeddable":true,"href":"https:\/\/warsztatonline.com\/sklep\/wp-json\/wp\/v2\/product_brand?post=158"},{"taxonomy":"product_cat","embeddable":true,"href":"https:\/\/warsztatonline.com\/sklep\/wp-json\/wp\/v2\/product_cat?post=158"},{"taxonomy":"product_tag","embeddable":true,"href":"https:\/\/warsztatonline.com\/sklep\/wp-json\/wp\/v2\/product_tag?post=158"}],"curies":[{"name":"wp","href":"https:\/\/api.w.org\/{rel}","templated":true}]}}