{"id":162,"date":"2025-12-24T13:09:01","date_gmt":"2025-12-24T13:09:01","guid":{"rendered":"https:\/\/pkcbtm.freeko.pl\/sklep\/produkt\/rowenta-mastercook\/"},"modified":"2025-12-24T13:09:01","modified_gmt":"2025-12-24T13:09:01","slug":"rowenta-mastercook","status":"publish","type":"product","link":"https:\/\/warsztatonline.com\/sklep\/produkt\/rowenta-mastercook\/","title":{"rendered":"Rowenta MasterCook"},"content":{"rendered":"<p>Robot kuchenny Rowenta MasterCook. Miksuje, sieka i ugniata. Doskona\u0142y do przygotowywania r\u00f3\u017cnych potraw.<\/p>\n","protected":false},"excerpt":{"rendered":"<p>Robot kuchenny Rowenta MasterCook. Miksuje, sieka i ugniata. Doskona\u0142y do przygotowywania r\u00f3\u017cnych potraw.<\/p>\n","protected":false},"featured_media":0,"comment_status":"open","ping_status":"closed","template":"","meta":[],"product_brand":[],"product_cat":[26],"product_tag":[],"class_list":{"0":"post-162","1":"product","2":"type-product","3":"status-publish","5":"product_cat-male-agd","7":"first","8":"instock","9":"taxable","10":"shipping-taxable","11":"purchasable","12":"product-type-simple"},"_links":{"self":[{"href":"https:\/\/warsztatonline.com\/sklep\/wp-json\/wp\/v2\/product\/162","targetHints":{"allow":["GET"]}}],"collection":[{"href":"https:\/\/warsztatonline.com\/sklep\/wp-json\/wp\/v2\/product"}],"about":[{"href":"https:\/\/warsztatonline.com\/sklep\/wp-json\/wp\/v2\/types\/product"}],"replies":[{"embeddable":true,"href":"https:\/\/warsztatonline.com\/sklep\/wp-json\/wp\/v2\/comments?post=162"}],"wp:attachment":[{"href":"https:\/\/warsztatonline.com\/sklep\/wp-json\/wp\/v2\/media?parent=162"}],"wp:term":[{"taxonomy":"product_brand","embeddable":true,"href":"https:\/\/warsztatonline.com\/sklep\/wp-json\/wp\/v2\/product_brand?post=162"},{"taxonomy":"product_cat","embeddable":true,"href":"https:\/\/warsztatonline.com\/sklep\/wp-json\/wp\/v2\/product_cat?post=162"},{"taxonomy":"product_tag","embeddable":true,"href":"https:\/\/warsztatonline.com\/sklep\/wp-json\/wp\/v2\/product_tag?post=162"}],"curies":[{"name":"wp","href":"https:\/\/api.w.org\/{rel}","templated":true}]}}