{"id":164,"date":"2025-12-24T13:09:01","date_gmt":"2025-12-24T13:09:01","guid":{"rendered":"https:\/\/pkcbtm.freeko.pl\/sklep\/produkt\/nutrend-protein-bar-12szt\/"},"modified":"2025-12-24T13:09:01","modified_gmt":"2025-12-24T13:09:01","slug":"nutrend-protein-bar-12szt","status":"publish","type":"product","link":"https:\/\/warsztatonline.com\/sklep\/produkt\/nutrend-protein-bar-12szt\/","title":{"rendered":"Nutrend Protein Bar 12szt"},"content":{"rendered":"<p>Baton proteinowy Nutrend 12 szt. Doskona\u0142e \u017ar\u00f3d\u0142o bia\u0142ka i energii. Smaczne i wygodne do zabrania na trening.<\/p>\n","protected":false},"excerpt":{"rendered":"<p>Baton proteinowy Nutrend 12 szt. Doskona\u0142e \u017ar\u00f3d\u0142o bia\u0142ka i energii. Smaczne i wygodne do zabrania na trening.<\/p>\n","protected":false},"featured_media":0,"comment_status":"open","ping_status":"closed","template":"","meta":[],"product_brand":[],"product_cat":[24],"product_tag":[],"class_list":{"0":"post-164","1":"product","2":"type-product","3":"status-publish","5":"product_cat-zdrowie-i-relaks","7":"first","8":"instock","9":"taxable","10":"shipping-taxable","11":"purchasable","12":"product-type-simple"},"_links":{"self":[{"href":"https:\/\/warsztatonline.com\/sklep\/wp-json\/wp\/v2\/product\/164","targetHints":{"allow":["GET"]}}],"collection":[{"href":"https:\/\/warsztatonline.com\/sklep\/wp-json\/wp\/v2\/product"}],"about":[{"href":"https:\/\/warsztatonline.com\/sklep\/wp-json\/wp\/v2\/types\/product"}],"replies":[{"embeddable":true,"href":"https:\/\/warsztatonline.com\/sklep\/wp-json\/wp\/v2\/comments?post=164"}],"wp:attachment":[{"href":"https:\/\/warsztatonline.com\/sklep\/wp-json\/wp\/v2\/media?parent=164"}],"wp:term":[{"taxonomy":"product_brand","embeddable":true,"href":"https:\/\/warsztatonline.com\/sklep\/wp-json\/wp\/v2\/product_brand?post=164"},{"taxonomy":"product_cat","embeddable":true,"href":"https:\/\/warsztatonline.com\/sklep\/wp-json\/wp\/v2\/product_cat?post=164"},{"taxonomy":"product_tag","embeddable":true,"href":"https:\/\/warsztatonline.com\/sklep\/wp-json\/wp\/v2\/product_tag?post=164"}],"curies":[{"name":"wp","href":"https:\/\/api.w.org\/{rel}","templated":true}]}}