{"id":166,"date":"2025-12-24T13:09:01","date_gmt":"2025-12-24T13:09:01","guid":{"rendered":"https:\/\/pkcbtm.freeko.pl\/sklep\/produkt\/bosch-s4-akumulator-12v\/"},"modified":"2025-12-24T13:09:01","modified_gmt":"2025-12-24T13:09:01","slug":"bosch-s4-akumulator-12v","status":"publish","type":"product","link":"https:\/\/warsztatonline.com\/sklep\/produkt\/bosch-s4-akumulator-12v\/","title":{"rendered":"Bosch S4 Akumulator 12V"},"content":{"rendered":"<p>Akumulator Bosch S4 12V. D\u0142uga \u017cywotno\u015b\u0107 i stabilne napi\u0119cie. Niezawodny w codziennym u\u017cytkowaniu.<\/p>\n","protected":false},"excerpt":{"rendered":"<p>Akumulator Bosch S4 12V. D\u0142uga \u017cywotno\u015b\u0107 i stabilne napi\u0119cie. Niezawodny w codziennym u\u017cytkowaniu.<\/p>\n","protected":false},"featured_media":0,"comment_status":"open","ping_status":"closed","template":"","meta":[],"product_brand":[],"product_cat":[25],"product_tag":[],"class_list":{"0":"post-166","1":"product","2":"type-product","3":"status-publish","5":"product_cat-akcesoria-samochodowe","7":"first","8":"instock","9":"taxable","10":"shipping-taxable","11":"purchasable","12":"product-type-simple"},"_links":{"self":[{"href":"https:\/\/warsztatonline.com\/sklep\/wp-json\/wp\/v2\/product\/166","targetHints":{"allow":["GET"]}}],"collection":[{"href":"https:\/\/warsztatonline.com\/sklep\/wp-json\/wp\/v2\/product"}],"about":[{"href":"https:\/\/warsztatonline.com\/sklep\/wp-json\/wp\/v2\/types\/product"}],"replies":[{"embeddable":true,"href":"https:\/\/warsztatonline.com\/sklep\/wp-json\/wp\/v2\/comments?post=166"}],"wp:attachment":[{"href":"https:\/\/warsztatonline.com\/sklep\/wp-json\/wp\/v2\/media?parent=166"}],"wp:term":[{"taxonomy":"product_brand","embeddable":true,"href":"https:\/\/warsztatonline.com\/sklep\/wp-json\/wp\/v2\/product_brand?post=166"},{"taxonomy":"product_cat","embeddable":true,"href":"https:\/\/warsztatonline.com\/sklep\/wp-json\/wp\/v2\/product_cat?post=166"},{"taxonomy":"product_tag","embeddable":true,"href":"https:\/\/warsztatonline.com\/sklep\/wp-json\/wp\/v2\/product_tag?post=166"}],"curies":[{"name":"wp","href":"https:\/\/api.w.org\/{rel}","templated":true}]}}