{"id":178,"date":"2025-12-24T13:10:09","date_gmt":"2025-12-24T13:10:09","guid":{"rendered":"https:\/\/pkcbtm.freeko.pl\/sklep\/produkt\/apple-iphone-14-128gb\/"},"modified":"2026-01-02T04:33:08","modified_gmt":"2026-01-02T04:33:08","slug":"apple-iphone-14-128gb","status":"publish","type":"product","link":"https:\/\/warsztatonline.com\/sklep\/produkt\/apple-iphone-14-128gb\/","title":{"rendered":"Apple iPhone 14 128GB"},"content":{"rendered":"<section id=\"projector_longdescription\" class=\"section longdescription cm\" data-traits=\"true\" data-dictionary=\"true\">\n<div class=\"_ae_desc\">\n<div>\n<div>\n<h2>Apple iPhone 14 to dobry wyb\u00f3r<\/h2>\n<p>Je\u015bli szukasz produktu, kt\u00f3ry po\u0142\u0105czy w sobie jako\u015b\u0107, funkcjonalno\u015b\u0107 i sprawdzone rozwi\u0105zania techniczne, to\u00a0Apple iPhone 14 jest idealnym wyborem. Z jego pomoc\u0105 b\u0119dziesz mie\u0107\u00a0<strong>wszystko, czego potrzebujesz, na wyci\u0105gni\u0119cie r\u0119ki<\/strong>. Ponadto je\u015bli urz\u0105dzenie ulegnie awarii, naprawisz je w ramach gwarancji w\u00a0<strong>polskim, autoryzowanym serwisie<\/strong>.<\/p>\n<\/div>\n<\/div>\n<\/div>\n<\/section>\n<section id=\"projector_dictionary\" class=\"section dictionary\">\n<div class=\"dictionary__group --first --no-group\">\n<div class=\"dictionary__param row mb-3\" data-producer=\"true\">\n<div class=\"dictionary__name col-6 d-flex flex-column align-items-end\"><span class=\"dictionary__name_txt\">Marka Apple<\/span><\/div>\n<\/div>\n<div class=\"dictionary__param row mb-3\" data-responsible-entity=\"true\">\n<div class=\"dictionary__name col-6 d-flex flex-column align-items-end\"><span class=\"dictionary__name_txt\">Podmiot odpowiedzialny za ten produkt na terenie UE<\/span><\/div>\n<div class=\"dictionary__values col-6\">\n<div class=\"dictionary__value\"><span class=\"dictionary__value_txt\">Apple Distribution International Ltd.<\/span><\/div>\n<\/div>\n<\/div>\n<div class=\"dictionary__param row mb-3\" data-code=\"true\">\n<div class=\"dictionary__name col-6 d-flex flex-column align-items-end\"><span class=\"dictionary__name_txt\">Symbol<\/span><\/div>\n<div class=\"dictionary__values col-6\">\n<div class=\"dictionary__value\"><span class=\"dictionary__value_txt\">MPUF3HN\/A<\/span><\/div>\n<\/div>\n<\/div>\n<div class=\"dictionary__param row mb-3\" data-waranty=\"true\">\n<div class=\"dictionary__name col-6 d-flex flex-column align-items-end\"><span class=\"dictionary__name_txt\">Gwarancja<\/span><\/div>\n<\/div>\n<\/div>\n<div class=\"dictionary__group\">\n<div class=\"dictionary__label mb-3 d-flex flex-column align-items-center justify-content-center\"><span class=\"dictionary__label_txt\">Opis towaru<\/span><\/div>\n<div class=\"dictionary__param row mb-3\">\n<div class=\"dictionary__name col-6 d-flex flex-column align-items-end\"><span class=\"dictionary__name_txt\">Stan<\/span><\/div>\n<div class=\"dictionary__values col-6\">\n<div class=\"dictionary__value\"><span class=\"dictionary__value_txt\">Nowy<\/span><\/div>\n<\/div>\n<\/div>\n<div class=\"dictionary__param row mb-3\">\n<div class=\"dictionary__name col-6 d-flex flex-column align-items-end\"><span class=\"dictionary__name_txt\">Dystrybucja<\/span><\/div>\n<div class=\"dictionary__values col-6\">\n<div class=\"dictionary__value\"><span class=\"dictionary__value_txt\">Oficjalna<\/span><\/div>\n<\/div>\n<\/div>\n<div class=\"dictionary__param row mb-3\">\n<div class=\"dictionary__name col-6 d-flex flex-column align-items-end\"><span class=\"dictionary__name_txt\">Blokada simlock<\/span><\/div>\n<div class=\"dictionary__values col-6\">\n<div class=\"dictionary__value\"><span class=\"dictionary__value_txt\">Nie<\/span><\/div>\n<\/div>\n<\/div>\n<div class=\"dictionary__param row mb-3\">\n<div class=\"dictionary__name col-6 d-flex flex-column align-items-end\"><span class=\"dictionary__name_txt\">Oprogramowanie<\/span><\/div>\n<div class=\"dictionary__values col-6\">\n<div class=\"dictionary__value\"><span class=\"dictionary__value_txt\">Oryginalne<\/span><\/div>\n<\/div>\n<\/div>\n<div class=\"dictionary__param row mb-3\">\n<div class=\"dictionary__name col-6 d-flex flex-column align-items-end\"><span class=\"dictionary__name_txt\">Menu w j\u0119zyku polskim<\/span><\/div>\n<div class=\"dictionary__values col-6\">\n<div class=\"dictionary__value\"><span class=\"dictionary__value_txt\">Tak<\/span><\/div>\n<\/div>\n<\/div>\n<\/div>\n<div class=\"dictionary__group\">\n<div class=\"dictionary__label mb-3 d-flex flex-column align-items-center justify-content-center\"><span class=\"dictionary__label_txt\">Dane techniczne<\/span><\/div>\n<div class=\"dictionary__param row mb-3\">\n<div class=\"dictionary__name col-6 d-flex flex-column align-items-end\"><span class=\"dictionary__name_txt\">Wymiary<\/span><\/div>\n<div class=\"dictionary__values col-6\">\n<div class=\"dictionary__value\"><span class=\"dictionary__value_txt\">146.70 x 71.50 x 7.80 mm<\/span><\/div>\n<\/div>\n<\/div>\n<div class=\"dictionary__param row mb-3\">\n<div class=\"dictionary__name col-6 d-flex flex-column align-items-end\"><span class=\"dictionary__name_txt\">Waga<\/span><\/div>\n<div class=\"dictionary__values col-6\">\n<div class=\"dictionary__value\"><span class=\"dictionary__value_txt\">172 g<\/span><\/div>\n<\/div>\n<\/div>\n<div class=\"dictionary__param row mb-3\">\n<div class=\"dictionary__name col-6 d-flex flex-column align-items-end\"><span class=\"dictionary__name_txt\">Wy\u015bwietlacz<\/span><\/div>\n<div class=\"dictionary__values col-6\">\n<div class=\"dictionary__value\"><span class=\"dictionary__value_txt\">Kolorowy \/ OLED<\/span><\/div>\n<div class=\"dictionary__value\"><span class=\"dictionary__value_txt\">16M kolor\u00f3w<\/span><\/div>\n<div class=\"dictionary__value\"><span class=\"dictionary__value_txt\">1170 x 2532 px (6.10&#8243;) 460 ppi<\/span><\/div>\n<\/div>\n<\/div>\n<div class=\"dictionary__param row mb-3\">\n<div class=\"dictionary__name col-6 d-flex flex-column align-items-end\"><span class=\"dictionary__name_txt\">System operacyjny<\/span><\/div>\n<div class=\"dictionary__values col-6\">\n<div class=\"dictionary__value\"><span class=\"dictionary__value_txt\">iOS 16<\/span><\/div>\n<\/div>\n<\/div>\n<div class=\"dictionary__param row mb-3\">\n<div class=\"dictionary__name col-6 d-flex flex-column align-items-end\"><span class=\"dictionary__name_txt\">Procesor<\/span><\/div>\n<div class=\"dictionary__values col-6\">\n<div class=\"dictionary__value\"><span class=\"dictionary__value_txt\">Apple A15 Bionic<\/span><\/div>\n<\/div>\n<\/div>\n<div class=\"dictionary__param row mb-3\">\n<div class=\"dictionary__name col-6 d-flex flex-column align-items-end\"><span class=\"dictionary__name_txt\">Liczba rdzeni<\/span><\/div>\n<div class=\"dictionary__values col-6\">\n<div class=\"dictionary__value\"><span class=\"dictionary__value_txt\">6<\/span><\/div>\n<\/div>\n<\/div>\n<div class=\"dictionary__param row mb-3\" data-desc_name=\"true\">\n<div class=\"dictionary__name col-6 d-flex flex-column align-items-end\" data-desc=\"true\"><span class=\"dictionary__name_txt\">GPU<\/span><\/div>\n<div class=\"dictionary__values col-6\">\n<div class=\"dictionary__value\"><span class=\"dictionary__value_txt\">Apple GPU<\/span><\/div>\n<\/div>\n<\/div>\n<div class=\"dictionary__param row mb-3\" data-desc_name=\"true\">\n<div class=\"dictionary__name col-6 d-flex flex-column align-items-end\" data-desc=\"true\"><span class=\"dictionary__name_txt\">Pami\u0119\u0107 wbudowan<\/span><\/div>\n<div class=\"dictionary__values col-6\">\n<div class=\"dictionary__value\"><span class=\"dictionary__value_txt\">128 GB<\/span><\/div>\n<\/div>\n<\/div>\n<div class=\"dictionary__param row mb-3\">\n<div class=\"dictionary__name col-6 d-flex flex-column align-items-end\"><span class=\"dictionary__name_txt\">Obs\u0142ugiwane karty pami\u0119ci<\/span><\/div>\n<div class=\"dictionary__values col-6\">\n<div class=\"dictionary__value\"><span class=\"dictionary__value_txt\">Nie<\/span><\/div>\n<\/div>\n<\/div>\n<div class=\"dictionary__param row mb-3\" data-desc_name=\"true\">\n<div class=\"dictionary__name col-6 d-flex flex-column align-items-end\" data-desc=\"true\"><span class=\"dictionary__name_txt\">Pami\u0119\u0107 RAM<\/span><\/div>\n<div class=\"dictionary__values col-6\">\n<div class=\"dictionary__value\"><span class=\"dictionary__value_txt\">6 GB<\/span><\/div>\n<\/div>\n<\/div>\n<div class=\"dictionary__param row mb-3\">\n<div class=\"dictionary__name col-6 d-flex flex-column align-items-end\"><span class=\"dictionary__name_txt\">Pojemno\u015b\u0107 baterii<\/span><\/div>\n<div class=\"dictionary__values col-6\">\n<div class=\"dictionary__value\"><span class=\"dictionary__value_txt\">Li-Ion 3279 mAh<\/span><\/div>\n<\/div>\n<\/div>\n<div class=\"dictionary__param row mb-3\">\n<div class=\"dictionary__name col-6 d-flex flex-column align-items-end\"><span class=\"dictionary__name_txt\">Szybkie \u0142adowanie<\/span><\/div>\n<div class=\"dictionary__values col-6\">\n<div class=\"dictionary__value\"><span class=\"dictionary__value_txt\">Tak<\/span><\/div>\n<\/div>\n<\/div>\n<div class=\"dictionary__param row mb-3\">\n<div class=\"dictionary__name col-6 d-flex flex-column align-items-end\"><span class=\"dictionary__name_txt\">\u0141adowanie indukcyjne<\/span><\/div>\n<div class=\"dictionary__values col-6\">\n<div class=\"dictionary__value\"><span class=\"dictionary__value_txt\">Tak<\/span><\/div>\n<\/div>\n<\/div>\n<div class=\"dictionary__param row mb-3\">\n<div class=\"dictionary__name col-6 d-flex flex-column align-items-end\"><span class=\"dictionary__name_txt\">Standard karty SIM<\/span><\/div>\n<div class=\"dictionary__values col-6\">\n<div class=\"dictionary__value\"><span class=\"dictionary__value_txt\">nanoSIM, eSIM<\/span><\/div>\n<\/div>\n<\/div>\n<div class=\"dictionary__param row mb-3\">\n<div class=\"dictionary__name col-6 d-flex flex-column align-items-end\"><span class=\"dictionary__name_txt\">Aparat z ty\u0142u<\/span><\/div>\n<div class=\"dictionary__values col-6\">\n<div class=\"dictionary__value\"><span class=\"dictionary__value_txt\">12 Mpx<\/span><\/div>\n<div class=\"dictionary__value\"><span class=\"dictionary__value_txt\">Standardowy<\/span><\/div>\n<\/div>\n<\/div>\n<div class=\"dictionary__param row mb-3\">\n<div class=\"dictionary__name col-6 d-flex flex-column align-items-end\"><span class=\"dictionary__name_txt\">Drugi aparat z ty\u0142u<\/span><\/div>\n<div class=\"dictionary__values col-6\">\n<div class=\"dictionary__value\"><span class=\"dictionary__value_txt\">12 Mpx<\/span><\/div>\n<div class=\"dictionary__value\"><span class=\"dictionary__value_txt\">Szerokok\u0105tny<\/span><\/div>\n<\/div>\n<\/div>\n<div class=\"dictionary__param row mb-3\">\n<div class=\"dictionary__name col-6 d-flex flex-column align-items-end\"><span class=\"dictionary__name_txt\">Aparat z przodu<\/span><\/div>\n<div class=\"dictionary__values col-6\">\n<div class=\"dictionary__value\"><span class=\"dictionary__value_txt\">12 Mpx<\/span><\/div>\n<\/div>\n<\/div>\n<div class=\"dictionary__param row mb-3\">\n<div class=\"dictionary__name col-6 d-flex flex-column align-items-end\"><span class=\"dictionary__name_txt\">GPS<\/span><\/div>\n<div class=\"dictionary__values col-6\">\n<div class=\"dictionary__value\"><span class=\"dictionary__value_txt\">Tak<\/span><\/div>\n<\/div>\n<\/div>\n<div class=\"dictionary__param row mb-3\">\n<div class=\"dictionary__name col-6 d-flex flex-column align-items-end\"><span class=\"dictionary__name_txt\">Bluetooth<\/span><\/div>\n<div class=\"dictionary__values col-6\">\n<div class=\"dictionary__value\"><span class=\"dictionary__value_txt\">Tak<\/span><\/div>\n<\/div>\n<\/div>\n<div class=\"dictionary__param row mb-3\">\n<div class=\"dictionary__name col-6 d-flex flex-column align-items-end\"><span class=\"dictionary__name_txt\">Wi-Fi<\/span><\/div>\n<div class=\"dictionary__values col-6\">\n<div class=\"dictionary__value\"><span class=\"dictionary__value_txt\">Tak<\/span><\/div>\n<\/div>\n<\/div>\n<div class=\"dictionary__param row mb-3\">\n<div class=\"dictionary__name col-6 d-flex flex-column align-items-end\"><span class=\"dictionary__name_txt\">LTE<\/span><\/div>\n<div class=\"dictionary__values col-6\">\n<div class=\"dictionary__value\"><span class=\"dictionary__value_txt\">Ta<\/span><\/div>\n<\/div>\n<\/div>\n<div class=\"dictionary__param row mb-3\" data-desc_name=\"true\">\n<div class=\"dictionary__name col-6 d-flex flex-column align-items-end\" data-desc=\"true\"><span class=\"dictionary__name_txt\">5G<\/span><\/div>\n<div class=\"dictionary__values col-6\">\n<div class=\"dictionary__value\"><span class=\"dictionary__value_txt\">Tak<\/span><\/div>\n<\/div>\n<\/div>\n<div class=\"dictionary__param row mb-3\">\n<div class=\"dictionary__name col-6 d-flex flex-column align-items-end\"><span class=\"dictionary__name_txt\">NFC<\/span><\/div>\n<div class=\"dictionary__values col-6\">\n<div class=\"dictionary__value\"><span class=\"dictionary__value_txt\">Tak (tylko Apple Pay)<\/span><\/div>\n<\/div>\n<\/div>\n<div class=\"dictionary__param row mb-3\" data-desc_name=\"true\">\n<div class=\"dictionary__name col-6 d-flex flex-column align-items-end\" data-desc=\"true\"><span class=\"dictionary__name_txt\">Dual SIM<\/span><\/div>\n<div class=\"dictionary__values col-6\">\n<div class=\"dictionary__value\"><span class=\"dictionary__value_txt\">Tak (druga karta wy\u0142\u0105cznie jako eSIM)<\/span><\/div>\n<\/div>\n<\/div>\n<div class=\"dictionary__param row mb-3\" data-desc_name=\"true\">\n<div class=\"dictionary__name col-6 d-flex flex-column align-items-end\" data-desc=\"true\"><span class=\"dictionary__name_txt\">Ochrona wy\u015bwietlacza<\/span><\/div>\n<div class=\"dictionary__values col-6\">\n<div class=\"dictionary__value\"><span class=\"dictionary__value_txt\">Ceramic Shield Glass<\/span><\/div>\n<\/div>\n<\/div>\n<div class=\"dictionary__param row mb-3\" data-desc_name=\"true\">\n<div class=\"dictionary__name col-6 d-flex flex-column align-items-end\" data-desc=\"true\"><span class=\"dictionary__name_txt\">Standard odporno\u015bc<\/span><\/div>\n<div class=\"dictionary__values col-6\">\n<div class=\"dictionary__value\"><span class=\"dictionary__value_txt\">IP68<\/span><\/div>\n<\/div>\n<\/div>\n<div class=\"dictionary__param row mb-3\">\n<div class=\"dictionary__name col-6 d-flex flex-column align-items-end\"><span class=\"dictionary__name_txt\">Czytnik linii papilarnych<\/span><\/div>\n<div class=\"dictionary__values col-6\">\n<div class=\"dictionary__value\"><span class=\"dictionary__value_txt\">Nie<\/span><\/div>\n<\/div>\n<\/div>\n<div class=\"dictionary__param row mb-3\">\n<div class=\"dictionary__name col-6 d-flex flex-column align-items-end\"><span class=\"dictionary__name_txt\">\u017byroskop<\/span><\/div>\n<div class=\"dictionary__values col-6\">\n<div class=\"dictionary__value\"><span class=\"dictionary__value_txt\">Tak<\/span><\/div>\n<\/div>\n<\/div>\n<div class=\"dictionary__param row mb-3\">\n<div class=\"dictionary__name col-6 d-flex flex-column align-items-end\"><span class=\"dictionary__name_txt\">Pozosta\u0142e czujniki<\/span><\/div>\n<div class=\"dictionary__values col-6\">\n<div class=\"dictionary__value\"><span class=\"dictionary__value_txt\">Akcelerometr<\/span><\/div>\n<div class=\"dictionary__value\"><span class=\"dictionary__value_txt\">Zbli\u017ceniowy<\/span><\/div>\n<div class=\"dictionary__value\"><span class=\"dictionary__value_txt\">\u015awiat\u0142a<\/span><\/div>\n<div class=\"dictionary__value\"><span class=\"dictionary__value_txt\">Magnetometr<\/span><\/div>\n<div class=\"dictionary__value\"><span class=\"dictionary__value_txt\">Barometr<\/span><\/div>\n<\/div>\n<\/div>\n<div class=\"dictionary__param row mb-3\">\n<div class=\"dictionary__name col-6 d-flex flex-column align-items-end\"><span class=\"dictionary__name_txt\">Informacje dodatkowe<\/span><\/div>\n<div class=\"dictionary__values col-6\">\n<div class=\"dictionary__value\"><span class=\"dictionary__value_txt\">Face ID<\/span><\/div>\n<div class=\"dictionary__value\"><span class=\"dictionary__value_txt\">Podw\u00f3jny obiektyw aparatu g\u0142\u00f3wnego, w tym szerokok\u0105tny<\/span><\/div>\n<\/div>\n<\/div>\n<\/div>\n<div class=\"dictionary__group\">\n<div class=\"dictionary__label mb-3 d-flex flex-column align-items-center justify-content-center\"><span class=\"dictionary__label_txt\">Sk\u0142ad zestawu<\/span><\/div>\n<div class=\"dictionary__param row mb-3\">\n<div class=\"dictionary__name col-6 d-flex flex-column align-items-end\"><span class=\"dictionary__name_txt\">Wbudowana bateria<\/span><\/div>\n<div class=\"dictionary__values col-6\">\n<div class=\"dictionary__value\"><span class=\"dictionary__value_txt\">Tak<\/span><\/div>\n<\/div>\n<\/div>\n<div class=\"dictionary__param row mb-3\">\n<div class=\"dictionary__name col-6 d-flex flex-column align-items-end\"><span class=\"dictionary__name_txt\">Kabel Lightning<\/span><\/div>\n<div class=\"dictionary__values col-6\">\n<div class=\"dictionary__value\"><span class=\"dictionary__value_txt\">Tak<\/span><\/div>\n<\/div>\n<\/div>\n<div class=\"dictionary__param row mb-3\">\n<div class=\"dictionary__name col-6 d-flex flex-column align-items-end\"><span class=\"dictionary__name_txt\">Oryginalne opakowanie<\/span><\/div>\n<div class=\"dictionary__values col-6\">\n<div class=\"dictionary__value\"><span class=\"dictionary__value_txt\">Tak<\/span><\/div>\n<\/div>\n<\/div>\n<\/div>\n<\/section>\n","protected":false},"excerpt":{"rendered":"<p>Apple iPhone 14 to dobry wyb\u00f3r Je\u015bli szukasz produktu, kt\u00f3ry po\u0142\u0105czy w sobie jako\u015b\u0107, funkcjonalno\u015b\u0107 i sprawdzone rozwi\u0105zania techniczne, to\u00a0Apple iPhone 14 jest idealnym wyborem. Z jego pomoc\u0105 b\u0119dziesz mie\u0107\u00a0wszystko, czego potrzebujesz, na wyci\u0105gni\u0119cie r\u0119ki. Ponadto je\u015bli urz\u0105dzenie ulegnie awarii, naprawisz je w ramach gwarancji w\u00a0polskim, autoryzowanym serwisie. Marka Apple Podmiot odpowiedzialny za ten produkt<\/p>\n<div class=\"more-link\">\n\t\t\t\t <a href=\"https:\/\/warsztatonline.com\/sklep\/produkt\/apple-iphone-14-128gb\/\" class=\"link-btn\"><span>Czytaj dalej <\/span> <i class=\"icofont-thin-double-right\"><\/i><\/a>\n\t\t\t<\/div>\n","protected":false},"featured_media":291,"comment_status":"open","ping_status":"closed","template":"","meta":[],"product_brand":[],"product_cat":[18],"product_tag":[],"class_list":{"0":"post-178","1":"product","2":"type-product","3":"status-publish","4":"has-post-thumbnail","6":"product_cat-elektronika-i-akcesoria","8":"first","9":"instock","10":"taxable","11":"shipping-taxable","12":"purchasable","13":"product-type-simple"},"_links":{"self":[{"href":"https:\/\/warsztatonline.com\/sklep\/wp-json\/wp\/v2\/product\/178","targetHints":{"allow":["GET"]}}],"collection":[{"href":"https:\/\/warsztatonline.com\/sklep\/wp-json\/wp\/v2\/product"}],"about":[{"href":"https:\/\/warsztatonline.com\/sklep\/wp-json\/wp\/v2\/types\/product"}],"replies":[{"embeddable":true,"href":"https:\/\/warsztatonline.com\/sklep\/wp-json\/wp\/v2\/comments?post=178"}],"wp:featuredmedia":[{"embeddable":true,"href":"https:\/\/warsztatonline.com\/sklep\/wp-json\/wp\/v2\/media\/291"}],"wp:attachment":[{"href":"https:\/\/warsztatonline.com\/sklep\/wp-json\/wp\/v2\/media?parent=178"}],"wp:term":[{"taxonomy":"product_brand","embeddable":true,"href":"https:\/\/warsztatonline.com\/sklep\/wp-json\/wp\/v2\/product_brand?post=178"},{"taxonomy":"product_cat","embeddable":true,"href":"https:\/\/warsztatonline.com\/sklep\/wp-json\/wp\/v2\/product_cat?post=178"},{"taxonomy":"product_tag","embeddable":true,"href":"https:\/\/warsztatonline.com\/sklep\/wp-json\/wp\/v2\/product_tag?post=178"}],"curies":[{"name":"wp","href":"https:\/\/api.w.org\/{rel}","templated":true}]}}