{"id":189,"date":"2025-12-24T13:10:10","date_gmt":"2025-12-24T13:10:10","guid":{"rendered":"https:\/\/pkcbtm.freeko.pl\/sklep\/produkt\/makita-dhp482z-wiertarka\/"},"modified":"2025-12-24T17:29:51","modified_gmt":"2025-12-24T17:29:51","slug":"makita-dhp482z-wiertarka","status":"publish","type":"product","link":"https:\/\/warsztatonline.com\/sklep\/produkt\/makita-dhp482z-wiertarka\/","title":{"rendered":"Makita DHP482Z Wiertarka"},"content":{"rendered":"<p>Wiertarko-wkr\u0119tarka akumulatorowa DEDRA SAS+ALL DED7042 to narz\u0119dzie przydatne w ka\u017cdym domu. Znajdzie zastosowanie zar\u00f3wno w warsztacie majsterkowicza jak i u profesjonalist\u00f3w z bran\u017cy remontowo-budowlanej. Za pomoc\u0105 tej wkr\u0119tarki, kt\u00f3rej moment obrotowy wynosi 50 Nm, doskonale poradzimy sobie z wkr\u0119caniem i wierceniem w takich materia\u0142ach jak drewno, metal, plastik, tworzywa sztuczne. Dodatkow\u0105 funkcj\u0105 w tym modelu jest udar mechaniczny, kt\u00f3ry poszerza zakres pracy urz\u0105dzenia o wiercenia w betonie czy cegle. Obudowa wykonana zosta\u0142a z nylonu z domieszk\u0105 w\u0142\u00f3kna szklanego, dzi\u0119ki temu zwi\u0119kszona zosta\u0142a odporno\u015b\u0107 na uszkodzenia mechaniczne i promieniowanie UV. Ergonomi\u0119 oraz komfort pracy poprawiaj\u0105: niewielka waga urz\u0105dzenia oraz podgumowany uchwyt. Dodatkowe o\u015bwietlenie LED sprawi, \u017ce precyzyjnie wykonamy prac\u0119 w niedo\u015bwietlonych, trudno dost\u0119pnych miejscach. 13mm uchwyt samozaciskowy, jednotulejowy, zapewnia prosty monta\u017c wszelkiego rodzaju ko\u0144c\u00f3wek roboczych tj. wiert\u0142a, bity.<\/p>\n<p><strong>Akumulator DEDRA SAS+ALL DED7032<\/strong><br \/>\nTo akumulator pojemno\u015bci 2.0Ah to podstawowy produkt do zasilania narz\u0119dzi akumulatorowych z serii SAS+ALL. Akumulator wykonany jest w technologii litowo-jonowej, co pozwala do\u0142adowywa\u0107 baterie w dowolnym momencie bez tzw. efektu pami\u0119ci. 3 diody umieszczone na obudowie akumulatora informuj\u0105 nas o bie\u017c\u0105cym stanie na\u0142adowania (100%\\50%\\wymaga \u0142adowania). Dolna cz\u0119\u015b\u0107 obudowy pokryta gum\u0105 zwi\u0119ksza komfort pracy i bezpiecze\u0144stwo przed przypadkowym uszkodzeniem.<\/p>\n<p><strong>\u0141adowarka DEDRA SAS+ALL DED7038<\/strong><br \/>\nTo produkt dedykowany do \u0142adowania baterii z linii SAS+ALL (DED7032, DED7034, DED7035, DED6936, DED6937). Bateri\u0119 2.0Ah na\u0142adujemy w ci\u0105gu 1h, natomiast bateri\u0119 4.0Ah w 2h, a 5.0Ah w 2h20min. \u0141adowarka wyposa\u017cona jest w dwie diody: jedna informuj\u0105ca o pod\u0142\u0105czeniu do sieci, druga informuj\u0105ca o zako\u0144czonym procesie \u0142adowania baterii.<\/p>\n<p><strong>Wiert\u0142a do drewna:<\/strong><br \/>\nWiert\u0142o charakteryzuje si\u0119 ostro zako\u0144czonym \u017c\u0105d\u0142em, dzi\u0119ki kt\u00f3remu mo\u017cemy bardzo precyzyjnie wykona\u0107 otw\u00f3r bez potrzeby wcze\u015bniejszego nawiercania. Specjalny kszta\u0142t rowka wi\u00f3rowego u\u0142atwia \u0142amanie i odprowadzanie urobku, przez co wiercenie jest szybsze i skuteczniejsze.<\/p>\n<p><strong>Wiert\u0142a do metalu:<\/strong><br \/>\nWiert\u0142o wykonane ze stali szybkotn\u0105cej HSS (stal 4341). Dzi\u0119ki szlifowanej spirali urobek jest wydajnie odprowadzany na zewn\u0105trz otworu. Do obr\u00f3bki: stal, metale kolorowe, tworzywa sztuczne.<\/p>\n<p><strong>Zawarto\u015b\u0107 zestawu:<\/strong><br \/>\n&#8211; Wiertarko-wkr\u0119tarka DEDRA SAS+ALL DED7042,<br \/>\n&#8211; 2 akumulatory DEDRA SAS+ALL DED7032,<br \/>\n&#8211; \u0141adowarka DEDRA SAS+ALL DED7038,<br \/>\n&#8211; 3 wiert\u0142a do drewna<br \/>\n&#8211; 6 wierte\u0142 do metalu.<\/p>\n","protected":false},"excerpt":{"rendered":"<p>Wiertarko-wkr\u0119tarka akumulatorowa DEDRA SAS+ALL DED7042 to narz\u0119dzie przydatne w ka\u017cdym domu. Znajdzie zastosowanie zar\u00f3wno w warsztacie majsterkowicza jak i u profesjonalist\u00f3w z bran\u017cy remontowo-budowlanej. Za pomoc\u0105 tej wkr\u0119tarki, kt\u00f3rej moment obrotowy wynosi 50 Nm, doskonale poradzimy sobie z wkr\u0119caniem i wierceniem w takich materia\u0142ach jak drewno, metal, plastik, tworzywa sztuczne. Dodatkow\u0105 funkcj\u0105 w tym modelu<\/p>\n<div class=\"more-link\">\n\t\t\t\t <a href=\"https:\/\/warsztatonline.com\/sklep\/produkt\/makita-dhp482z-wiertarka\/\" class=\"link-btn\"><span>Czytaj dalej <\/span> <i class=\"icofont-thin-double-right\"><\/i><\/a>\n\t\t\t<\/div>\n","protected":false},"featured_media":253,"comment_status":"open","ping_status":"closed","template":"","meta":[],"product_brand":[],"product_cat":[20,36],"product_tag":[],"class_list":{"0":"post-189","1":"product","2":"type-product","3":"status-publish","4":"has-post-thumbnail","6":"product_cat-warsztat-i-narzedzia","7":"product_cat-zestawy-serwisowe","9":"first","10":"instock","11":"taxable","12":"shipping-taxable","13":"purchasable","14":"product-type-simple"},"_links":{"self":[{"href":"https:\/\/warsztatonline.com\/sklep\/wp-json\/wp\/v2\/product\/189","targetHints":{"allow":["GET"]}}],"collection":[{"href":"https:\/\/warsztatonline.com\/sklep\/wp-json\/wp\/v2\/product"}],"about":[{"href":"https:\/\/warsztatonline.com\/sklep\/wp-json\/wp\/v2\/types\/product"}],"replies":[{"embeddable":true,"href":"https:\/\/warsztatonline.com\/sklep\/wp-json\/wp\/v2\/comments?post=189"}],"wp:featuredmedia":[{"embeddable":true,"href":"https:\/\/warsztatonline.com\/sklep\/wp-json\/wp\/v2\/media\/253"}],"wp:attachment":[{"href":"https:\/\/warsztatonline.com\/sklep\/wp-json\/wp\/v2\/media?parent=189"}],"wp:term":[{"taxonomy":"product_brand","embeddable":true,"href":"https:\/\/warsztatonline.com\/sklep\/wp-json\/wp\/v2\/product_brand?post=189"},{"taxonomy":"product_cat","embeddable":true,"href":"https:\/\/warsztatonline.com\/sklep\/wp-json\/wp\/v2\/product_cat?post=189"},{"taxonomy":"product_tag","embeddable":true,"href":"https:\/\/warsztatonline.com\/sklep\/wp-json\/wp\/v2\/product_tag?post=189"}],"curies":[{"name":"wp","href":"https:\/\/api.w.org\/{rel}","templated":true}]}}