{"id":191,"date":"2025-12-24T13:10:10","date_gmt":"2025-12-24T13:10:10","guid":{"rendered":"https:\/\/pkcbtm.freeko.pl\/sklep\/produkt\/decathlon-quechua-namiot-2s\/"},"modified":"2025-12-24T17:33:01","modified_gmt":"2025-12-24T17:33:01","slug":"decathlon-quechua-namiot-2s","status":"publish","type":"product","link":"https:\/\/warsztatonline.com\/sklep\/produkt\/decathlon-quechua-namiot-2s\/","title":{"rendered":"Decathlon Quechua Namiot 2s"},"content":{"rendered":"<div class=\"tech-info svelte-hbaeex\">\n<h3 class=\"tech-info-title tech-info-text svelte-hbaeex\">Rozk\u0142adanie i sk\u0142adanie namiotu<\/h3>\n<p class=\"tech-info-text tech-info-descript svelte-hbaeex\">Szybkie rozk\u0142adanie. Namiot samono\u015bny: po roz\u0142o\u017ceniu stawiasz go gdzie chcesz, i je\u015bli nie ma wiatru, nie musisz nawet u\u017cywa\u0107 szpilek; namiot jest od razu gotowy do u\u017cytku! \u0141atwe sk\u0142adanie dzi\u0119ki systemowi.<\/p>\n<\/div>\n<div class=\"tech-info svelte-hbaeex\">\n<h3 class=\"tech-info-title tech-info-text svelte-hbaeex\">Pasuj\u0105ce materace<\/h3>\n<p class=\"tech-info-text tech-info-descript svelte-hbaeex\">Maty samopompuj\u0105ce i materace trekkingowe o szeroko\u015bci do 60 cm. Odradzamy materace dmuchane o grubo\u015bci ponad 6 cmz powodu du\u017cego zmniejszenia przestrzeni w namiocie.<\/p>\n<\/div>\n<div class=\"tech-info svelte-hbaeex\">\n<h3 class=\"tech-info-title tech-info-text svelte-hbaeex\">Wentylacja namiotu<\/h3>\n<p class=\"tech-info-text tech-info-descript svelte-hbaeex\">Namiot wyposa\u017cony jest w g\u00f3rny wywietrznik, 2 boczne i wewn\u0119trzn\u0105 klap\u0119 wej\u015bciow\u0105 z siatk\u0105 w g\u00f3rnej cz\u0119\u015bci. Pozwala to na cyrkulacj\u0119 i wymian\u0119 powietrza pomi\u0119dzy sypialni\u0105 a tropikiem, oraz ograniczenie naturalnego zjawiska kondensacji.<\/p>\n<\/div>\n<div class=\"tech-info svelte-hbaeex\">\n<h3 class=\"tech-info-title tech-info-text svelte-hbaeex\">Wodoodporno\u015b\u0107<\/h3>\n<p class=\"tech-info-text tech-info-descript svelte-hbaeex\">Wszystkie namioty Quechua s\u0105 testowane w laboratorium i w terenie, pod k\u0105tem wodoodporno\u015bci. Test polega na umieszczeniu ca\u0142ego namiotu pod natryskiem o intensywno\u015bci 200 litr\u00f3w wody na godzin\u0119, przez okres 3 godzin. Tropik wykonano z poliestru powlekanego poliuretanem, o przepuszczalno\u015bci 2000 mm w skali Schmerbera, pod\u0142og\u0119 z polietylenu 120 g\/m\u00b2, wszystkie szwy uszczelniono ta\u015bmami klejonymi na gor\u0105co.<\/p>\n<\/div>\n<div class=\"tech-info svelte-hbaeex\">\n<h3 class=\"tech-info-title tech-info-text svelte-hbaeex\">Odporno\u015b\u0107 na wiatr<\/h3>\n<p class=\"tech-info-text tech-info-descript svelte-hbaeex\">Wszystkie nasze namioty przechodz\u0105 testy w tunelu aerodynamicznym na obrotowej platformie. Prawid\u0142owo rozstawiony namiot ze wszystkimi linkami dobrze naci\u0105gni\u0119tymi jest odporny na wiatr wiej\u0105cy z pr\u0119dko\u015bci\u0105 mierzon\u0105 przy ziemi i wynosz\u0105c\u0105 50 km\/godz. (si\u0142a 6).<\/p>\n<\/div>\n<div class=\"tech-info svelte-hbaeex\">\n<h3 class=\"tech-info-title tech-info-text svelte-hbaeex\">Co zawiera produkt?<\/h3>\n<p class=\"tech-info-text tech-info-descript svelte-hbaeex\">&#8211; 1 sypialnia wst\u0119pnie z\u0142o\u017cona- 1 wodoodporny tropik- 9 \u015bledzi &#8211; 5 linek- 1 pokrowiec<\/p>\n<\/div>\n<div class=\"tech-info svelte-hbaeex\">\n<h3 class=\"tech-info-title tech-info-text svelte-hbaeex\">Gwarancja<\/h3>\n<p class=\"tech-info-text tech-info-descript svelte-hbaeex\">Namiot zosta\u0142 zaprojektowany do okazjonalnego u\u017cytku turystycznego (rz\u0119du 4 tygodni rocznie), na kempingu lub w terenie. Ci\u0105g\u0142a, wielotygodniowa ekspozycja produktu na promienie UV, mo\u017ce zniszczy\u0107 tkanin\u0119 produktu. Produkty te nie s\u0105 zaliczane do kategorii &#8222;meble ogrodowe&#8221; i nie s\u0105 przeznaczone do trzymania na dworze w spos\u00f3b ci\u0105g\u0142y. Aby gwarantowa\u0107 optymaln\u0105 \u017cywotno\u015b\u0107 produktu, nale\u017cy go schowa\u0107, gdy nie jest u\u017cytkowany.3 lata gwarancji.<\/p>\n<\/div>\n<div class=\"tech-info svelte-hbaeex\">\n<h3 class=\"tech-info-title tech-info-text svelte-hbaeex\">Nie wyrzucajmy, naprawmy!<\/h3>\n<p class=\"tech-info-text tech-info-descript svelte-hbaeex\">Nasze produkty towarzysz\u0105 Ci podczas w\u0119dr\u00f3wek g\u00f3rskich. Niekt\u00f3re elementy w miar\u0119 u\u017cytkowania mog\u0105 si\u0119 zu\u017cy\u0107 lub pop\u0119ka\u0107. Aby u\u0142atwi\u0107 ich napraw\u0119, proponujemy cz\u0119\u015bci zamienne (stela\u017c, tropik, sypialnia&#8230;) i u\u0142atwiamy ich wymian\u0119. Nie wyrzucajmy, naprawmy!<\/p>\n<\/div>\n<div class=\"tech-info svelte-hbaeex\">\n<h3 class=\"tech-info-title tech-info-text svelte-hbaeex\">KONCEPCJA PRODUKTU: NASZE KNOW-HOW<\/h3>\n<p class=\"tech-info-text tech-info-descript svelte-hbaeex\">Nasze centrum koncepcyjne Quechua znajduje si\u0119 w Passy, u st\u00f3p Mont-Blanc, w G\u00f3rnej Sabaudii. Dzi\u0119ki takiej lokalizacji, jest to doskona\u0142e miejsce spotka\u0144 naszych zespo\u0142\u00f3w (designer\u00f3w, szef\u00f3w produkt\u00f3w, in\u017cynier\u00f3w&#8230;) z turystami oraz projektowania produkt\u00f3w do turystyki g\u00f3rskiej i ich testowania.<\/p>\n<\/div>\n<div class=\"tech-info svelte-hbaeex\">\n<h3 class=\"tech-info-title tech-info-text svelte-hbaeex\">Gwarancja<\/h3>\n<p class=\"tech-info-text tech-info-descript svelte-hbaeex\">3 LATA.<br \/>\nMO\u017bLIWO\u015a\u0106 NAPRAWY: Wszystkie nasze namioty mo\u017cna naprawi\u0107 w Serwisie w sklepie Decathlon.<\/p>\n<\/div>\n<div class=\"tech-info svelte-hbaeex\">\n<h3 class=\"tech-info-title tech-info-text svelte-hbaeex\">Waga<\/h3>\n<p class=\"tech-info-text tech-info-descript svelte-hbaeex\">2.9 kg<\/p>\n<\/div>\n<div class=\"tech-info svelte-jiegkv\">\n<h3 class=\"tech-info-title tech-info-text svelte-jiegkv\">Sk\u0142ad<\/h3>\n<p class=\"tech-info-text tech-info-descript svelte-jiegkv\">Materia\u0142 g\u0142\u00f3wny: 75.0% Poliester, 25.0% Polietylen Stela\u017c: 100.0% W\u0142\u00f3kno szklane<\/p>\n<\/div>\n<div class=\"tech-info svelte-jiegkv\">\n<h3 class=\"tech-info-title tech-info-text svelte-jiegkv\">Porady dotycz\u0105ce przechowywania<\/h3>\n<p class=\"tech-info-text tech-info-descript svelte-jiegkv\">Przechowywanie: po u\u017cyciu lub czyszczeniu namiotu nale\u017cy go dok\u0142adnie wysuszy\u0107, by zapobiec powstawaniu nieprzyjemnych zapach\u00f3w i ple\u015bni.<\/p>\n<\/div>\n<div class=\"tech-info svelte-jiegkv\">\n<h3 class=\"tech-info-title tech-info-text svelte-jiegkv\">Ograniczenia<\/h3>\n<p class=\"tech-info-text tech-info-descript svelte-jiegkv\">Szeroko\u015b\u0107 spania: maks. 60 cm na osob\u0119.<\/p>\n<\/div>\n<div class=\"tech-info svelte-jiegkv\">\n<h3 class=\"tech-info-title tech-info-text svelte-jiegkv\">Testy<\/h3>\n<p class=\"tech-info-text tech-info-descript svelte-jiegkv\">Wsp\u00f3\u0142pracuj\u0105ce z nami laboratoria oraz nasze w\u0142asne laboratorium przyczyniaj\u0105 si\u0119 do innowacji i rozwoju namiot\u00f3w Quechua. Analizowane do\u015bwiadczenia pozwalaj\u0105 nam gwarantowa\u0107 wysoki poziom zaawansowania namiot\u00f3w (odporno\u015b\u0107 na wiatr, wodoodporno\u015b\u0107).<\/p>\n<\/div>\n<div class=\"tech-info svelte-jiegkv\">\n<h3 class=\"tech-info-title tech-info-text svelte-jiegkv\">Zatwierdzony przez<\/h3>\n<p class=\"tech-info-text tech-info-descript svelte-jiegkv\">Aby sprosta\u0107 Waszym wymaganiom, produkty Quechua s\u0105 testowane w warunkach, kt\u00f3re mo\u017cna napotka\u0107 podczas nocy na kempingu lub na \u0142onie natury. Nasze zespo\u0142y oraz grupa tester\u00f3w (z\u0142o\u017cona z partner\u00f3w, ambasador\u00f3w marek i klient\u00f3w) testuj\u0105 produkty przez ca\u0142y okres pracy nad nimi, a\u017c do momentu jego komercjalizacji. Pozwala to na gwarancj\u0119 produktu wysokiej jako\u015bci.<\/p>\n<\/div>\n","protected":false},"excerpt":{"rendered":"<p>Rozk\u0142adanie i sk\u0142adanie namiotu Szybkie rozk\u0142adanie. Namiot samono\u015bny: po roz\u0142o\u017ceniu stawiasz go gdzie chcesz, i je\u015bli nie ma wiatru, nie musisz nawet u\u017cywa\u0107 szpilek; namiot jest od razu gotowy do u\u017cytku! \u0141atwe sk\u0142adanie dzi\u0119ki systemowi. Pasuj\u0105ce materace Maty samopompuj\u0105ce i materace trekkingowe o szeroko\u015bci do 60 cm. Odradzamy materace dmuchane o grubo\u015bci ponad 6 cmz<\/p>\n<div class=\"more-link\">\n\t\t\t\t <a href=\"https:\/\/warsztatonline.com\/sklep\/produkt\/decathlon-quechua-namiot-2s\/\" class=\"link-btn\"><span>Czytaj dalej <\/span> <i class=\"icofont-thin-double-right\"><\/i><\/a>\n\t\t\t<\/div>\n","protected":false},"featured_media":256,"comment_status":"open","ping_status":"closed","template":"","meta":[],"product_brand":[],"product_cat":[38,21],"product_tag":[],"class_list":{"0":"post-191","1":"product","2":"type-product","3":"status-publish","4":"has-post-thumbnail","6":"product_cat-outdoor","7":"product_cat-sport-i-rekreacja","9":"first","10":"instock","11":"taxable","12":"shipping-taxable","13":"purchasable","14":"product-type-simple"},"_links":{"self":[{"href":"https:\/\/warsztatonline.com\/sklep\/wp-json\/wp\/v2\/product\/191","targetHints":{"allow":["GET"]}}],"collection":[{"href":"https:\/\/warsztatonline.com\/sklep\/wp-json\/wp\/v2\/product"}],"about":[{"href":"https:\/\/warsztatonline.com\/sklep\/wp-json\/wp\/v2\/types\/product"}],"replies":[{"embeddable":true,"href":"https:\/\/warsztatonline.com\/sklep\/wp-json\/wp\/v2\/comments?post=191"}],"wp:featuredmedia":[{"embeddable":true,"href":"https:\/\/warsztatonline.com\/sklep\/wp-json\/wp\/v2\/media\/256"}],"wp:attachment":[{"href":"https:\/\/warsztatonline.com\/sklep\/wp-json\/wp\/v2\/media?parent=191"}],"wp:term":[{"taxonomy":"product_brand","embeddable":true,"href":"https:\/\/warsztatonline.com\/sklep\/wp-json\/wp\/v2\/product_brand?post=191"},{"taxonomy":"product_cat","embeddable":true,"href":"https:\/\/warsztatonline.com\/sklep\/wp-json\/wp\/v2\/product_cat?post=191"},{"taxonomy":"product_tag","embeddable":true,"href":"https:\/\/warsztatonline.com\/sklep\/wp-json\/wp\/v2\/product_tag?post=191"}],"curies":[{"name":"wp","href":"https:\/\/api.w.org\/{rel}","templated":true}]}}