{"id":200,"date":"2025-12-24T13:10:10","date_gmt":"2025-12-24T13:10:10","guid":{"rendered":"https:\/\/pkcbtm.freeko.pl\/sklep\/produkt\/michelin-pilot-sport-4\/"},"modified":"2025-12-24T15:35:09","modified_gmt":"2025-12-24T15:35:09","slug":"michelin-pilot-sport-4","status":"publish","type":"product","link":"https:\/\/warsztatonline.com\/sklep\/produkt\/michelin-pilot-sport-4\/","title":{"rendered":"Michelin Pilot Sport 4"},"content":{"rendered":"<p>Opona letnia Michelin Pilot Sport 4 225\/45R17. Doskona\u0142a przyczepno\u015b\u0107 i trwa\u0142o\u015b\u0107. Idealna do samochod\u00f3w osobowych i sportowych.<\/p>\n","protected":false},"excerpt":{"rendered":"<p>Opona letnia Michelin Pilot Sport 4 225\/45R17. Doskona\u0142a przyczepno\u015b\u0107 i trwa\u0142o\u015b\u0107. Idealna do samochod\u00f3w osobowych i sportowych.<\/p>\n","protected":false},"featured_media":250,"comment_status":"open","ping_status":"closed","template":"","meta":[],"product_brand":[],"product_cat":[25,20],"product_tag":[],"class_list":{"0":"post-200","1":"product","2":"type-product","3":"status-publish","4":"has-post-thumbnail","6":"product_cat-akcesoria-samochodowe","7":"product_cat-warsztat-i-narzedzia","9":"first","10":"instock","11":"taxable","12":"shipping-taxable","13":"purchasable","14":"product-type-simple"},"_links":{"self":[{"href":"https:\/\/warsztatonline.com\/sklep\/wp-json\/wp\/v2\/product\/200","targetHints":{"allow":["GET"]}}],"collection":[{"href":"https:\/\/warsztatonline.com\/sklep\/wp-json\/wp\/v2\/product"}],"about":[{"href":"https:\/\/warsztatonline.com\/sklep\/wp-json\/wp\/v2\/types\/product"}],"replies":[{"embeddable":true,"href":"https:\/\/warsztatonline.com\/sklep\/wp-json\/wp\/v2\/comments?post=200"}],"wp:featuredmedia":[{"embeddable":true,"href":"https:\/\/warsztatonline.com\/sklep\/wp-json\/wp\/v2\/media\/250"}],"wp:attachment":[{"href":"https:\/\/warsztatonline.com\/sklep\/wp-json\/wp\/v2\/media?parent=200"}],"wp:term":[{"taxonomy":"product_brand","embeddable":true,"href":"https:\/\/warsztatonline.com\/sklep\/wp-json\/wp\/v2\/product_brand?post=200"},{"taxonomy":"product_cat","embeddable":true,"href":"https:\/\/warsztatonline.com\/sklep\/wp-json\/wp\/v2\/product_cat?post=200"},{"taxonomy":"product_tag","embeddable":true,"href":"https:\/\/warsztatonline.com\/sklep\/wp-json\/wp\/v2\/product_tag?post=200"}],"curies":[{"name":"wp","href":"https:\/\/api.w.org\/{rel}","templated":true}]}}