{"id":201,"date":"2025-12-24T13:10:10","date_gmt":"2025-12-24T13:10:10","guid":{"rendered":"https:\/\/pkcbtm.freeko.pl\/sklep\/produkt\/bosch-c3-akumulator-12v\/"},"modified":"2025-12-24T17:42:00","modified_gmt":"2025-12-24T17:42:00","slug":"bosch-c3-akumulator-12v","status":"publish","type":"product","link":"https:\/\/warsztatonline.com\/sklep\/produkt\/bosch-c3-akumulator-12v\/","title":{"rendered":"Bosch C3 Akumulator 18V"},"content":{"rendered":"<h5>Jeden akumulator do wszystkich narz\u0119dzi danej klasy napi\u0119cia<\/h5>\n<p>Szukasz sprawdzonego akumulatora, kt\u00f3ry b\u0119dzie odpowiedni do wszystkich narz\u0119dzi danej klasy napi\u0119cia? Chcia\u0142by\u015b zainwestowa\u0107 w sprawdzony model, kt\u00f3ry pos\u0142u\u017cy Ci przez wiele lat? Poznaj wi\u0119c<b>\u00a0akumulator BOSCH Professional 1600A002U5 GBA 5.0 Ah<\/b>, z pewno\u015bci\u0105 spe\u0142ni\u0105 on Twoje oczekiwania. Producent zadba\u0142 o to, aby oferowany sprz\u0119t by\u0142<b>\u00a0wykonany z materia\u0142u wysokiej jako\u015bci<\/b>. Nawet wielogodzinne u\u017cytkowanie baterii nie narazi jej na p\u0119kanie. Nie musisz wi\u0119c ogranicza\u0107 czasu swojej pracy.<\/p>\n<p><b>Akumulator Li-Ion o napi\u0119ciu 18 V<\/b>\u00a0do elektronarz\u0119dzi.\u00a0<b>System Bosch Flexible Power<\/b>\u00a0to jeden akumulator pasuj\u0105cy do wszystkich narz\u0119dzi o tym samym napi\u0119ciu. Posiada do 25% d\u0142u\u017cszy czas pracy akumulatora (por. akumulator 4,0 Ah). Do 100% d\u0142u\u017csza \u017cywotno\u015b\u0107 dzi\u0119ki zastosowaniu technologii\u00a0<b>Bosch COOLPACK<\/b>.<\/p>\n","protected":false},"excerpt":{"rendered":"<p>Jeden akumulator do wszystkich narz\u0119dzi danej klasy napi\u0119cia Szukasz sprawdzonego akumulatora, kt\u00f3ry b\u0119dzie odpowiedni do wszystkich narz\u0119dzi danej klasy napi\u0119cia? Chcia\u0142by\u015b zainwestowa\u0107 w sprawdzony model, kt\u00f3ry pos\u0142u\u017cy Ci przez wiele lat? Poznaj wi\u0119c\u00a0akumulator BOSCH Professional 1600A002U5 GBA 5.0 Ah, z pewno\u015bci\u0105 spe\u0142ni\u0105 on Twoje oczekiwania. Producent zadba\u0142 o to, aby oferowany sprz\u0119t by\u0142\u00a0wykonany z materia\u0142u<\/p>\n<div class=\"more-link\">\n\t\t\t\t <a href=\"https:\/\/warsztatonline.com\/sklep\/produkt\/bosch-c3-akumulator-12v\/\" class=\"link-btn\"><span>Czytaj dalej <\/span> <i class=\"icofont-thin-double-right\"><\/i><\/a>\n\t\t\t<\/div>\n","protected":false},"featured_media":265,"comment_status":"open","ping_status":"closed","template":"","meta":[],"product_brand":[],"product_cat":[25],"product_tag":[],"class_list":{"0":"post-201","1":"product","2":"type-product","3":"status-publish","4":"has-post-thumbnail","6":"product_cat-akcesoria-samochodowe","8":"first","9":"instock","10":"taxable","11":"shipping-taxable","12":"purchasable","13":"product-type-simple"},"_links":{"self":[{"href":"https:\/\/warsztatonline.com\/sklep\/wp-json\/wp\/v2\/product\/201","targetHints":{"allow":["GET"]}}],"collection":[{"href":"https:\/\/warsztatonline.com\/sklep\/wp-json\/wp\/v2\/product"}],"about":[{"href":"https:\/\/warsztatonline.com\/sklep\/wp-json\/wp\/v2\/types\/product"}],"replies":[{"embeddable":true,"href":"https:\/\/warsztatonline.com\/sklep\/wp-json\/wp\/v2\/comments?post=201"}],"wp:featuredmedia":[{"embeddable":true,"href":"https:\/\/warsztatonline.com\/sklep\/wp-json\/wp\/v2\/media\/265"}],"wp:attachment":[{"href":"https:\/\/warsztatonline.com\/sklep\/wp-json\/wp\/v2\/media?parent=201"}],"wp:term":[{"taxonomy":"product_brand","embeddable":true,"href":"https:\/\/warsztatonline.com\/sklep\/wp-json\/wp\/v2\/product_brand?post=201"},{"taxonomy":"product_cat","embeddable":true,"href":"https:\/\/warsztatonline.com\/sklep\/wp-json\/wp\/v2\/product_cat?post=201"},{"taxonomy":"product_tag","embeddable":true,"href":"https:\/\/warsztatonline.com\/sklep\/wp-json\/wp\/v2\/product_tag?post=201"}],"curies":[{"name":"wp","href":"https:\/\/api.w.org\/{rel}","templated":true}]}}