{"id":203,"date":"2025-12-24T13:10:10","date_gmt":"2025-12-24T13:10:10","guid":{"rendered":"https:\/\/pkcbtm.freeko.pl\/sklep\/produkt\/philips-series-5000-golarka\/"},"modified":"2025-12-24T17:45:03","modified_gmt":"2025-12-24T17:45:03","slug":"philips-series-5000-golarka","status":"publish","type":"product","link":"https:\/\/warsztatonline.com\/sklep\/produkt\/philips-series-5000-golarka\/","title":{"rendered":"Philips Series 5000 Golarka"},"content":{"rendered":"<p class=\"p-p18v2-pex-area__desc-title pv-subheading--m pv-bold pv-margin-block-end--2xs\">Dok\u0142adne golenie delikatne dla sk\u00f3ry<\/p>\n<p class=\"p-p18v2-pex-area__desc-body pv-body--m pv-margin-block-end--2xs\">Golarka Philips z serii 5000 zapewnia doskona\u0142e golenie, a teraz umo\u017cliwia strzy\u017cenie jeszcze wi\u0119kszej liczby w\u0142os\u00f3w za jednym poci\u0105gni\u0119ciem*. Dzi\u0119ki zaawansowanej technologii SkinIQ golarka wykrywa g\u0119sto\u015b\u0107 w\u0142os\u00f3w i dostosowuje si\u0119 do niej, zapewniaj\u0105c wi\u0119kszy komfort sk\u00f3ry.<\/p>\n","protected":false},"excerpt":{"rendered":"<p>Dok\u0142adne golenie delikatne dla sk\u00f3ry Golarka Philips z serii 5000 zapewnia doskona\u0142e golenie, a teraz umo\u017cliwia strzy\u017cenie jeszcze wi\u0119kszej liczby w\u0142os\u00f3w za jednym poci\u0105gni\u0119ciem*. Dzi\u0119ki zaawansowanej technologii SkinIQ golarka wykrywa g\u0119sto\u015b\u0107 w\u0142os\u00f3w i dostosowuje si\u0119 do niej, zapewniaj\u0105c wi\u0119kszy komfort sk\u00f3ry.<\/p>\n","protected":false},"featured_media":268,"comment_status":"open","ping_status":"closed","template":"","meta":[],"product_brand":[],"product_cat":[24],"product_tag":[],"class_list":{"0":"post-203","1":"product","2":"type-product","3":"status-publish","4":"has-post-thumbnail","6":"product_cat-zdrowie-i-relaks","8":"first","9":"instock","10":"taxable","11":"shipping-taxable","12":"purchasable","13":"product-type-simple"},"_links":{"self":[{"href":"https:\/\/warsztatonline.com\/sklep\/wp-json\/wp\/v2\/product\/203","targetHints":{"allow":["GET"]}}],"collection":[{"href":"https:\/\/warsztatonline.com\/sklep\/wp-json\/wp\/v2\/product"}],"about":[{"href":"https:\/\/warsztatonline.com\/sklep\/wp-json\/wp\/v2\/types\/product"}],"replies":[{"embeddable":true,"href":"https:\/\/warsztatonline.com\/sklep\/wp-json\/wp\/v2\/comments?post=203"}],"wp:featuredmedia":[{"embeddable":true,"href":"https:\/\/warsztatonline.com\/sklep\/wp-json\/wp\/v2\/media\/268"}],"wp:attachment":[{"href":"https:\/\/warsztatonline.com\/sklep\/wp-json\/wp\/v2\/media?parent=203"}],"wp:term":[{"taxonomy":"product_brand","embeddable":true,"href":"https:\/\/warsztatonline.com\/sklep\/wp-json\/wp\/v2\/product_brand?post=203"},{"taxonomy":"product_cat","embeddable":true,"href":"https:\/\/warsztatonline.com\/sklep\/wp-json\/wp\/v2\/product_cat?post=203"},{"taxonomy":"product_tag","embeddable":true,"href":"https:\/\/warsztatonline.com\/sklep\/wp-json\/wp\/v2\/product_tag?post=203"}],"curies":[{"name":"wp","href":"https:\/\/api.w.org\/{rel}","templated":true}]}}