{"id":204,"date":"2025-12-24T13:10:10","date_gmt":"2025-12-24T13:10:10","guid":{"rendered":"https:\/\/pkcbtm.freeko.pl\/sklep\/produkt\/sony-playstation-5\/"},"modified":"2025-12-24T17:47:55","modified_gmt":"2025-12-24T17:47:55","slug":"sony-playstation-5","status":"publish","type":"product","link":"https:\/\/warsztatonline.com\/sklep\/produkt\/sony-playstation-5\/","title":{"rendered":"Sony PlayStation 5  8025GB"},"content":{"rendered":"<div class=\"heading_wrapper\" data-v-3b730be9=\"\">\n<h3 class=\"title product-card-title\" data-v-3b730be9=\"\"><span style=\"font-size: 16px;\">Graj jak nigdy wcze\u015bniej\u00ae<\/span><\/h3>\n<\/div>\n<div class=\"content content-shadow\" data-v-3b730be9=\"\">\n<div class=\"adafir-html\" data-v-24b8cd07=\"\" data-v-3b730be9=\"\">\n<div class=\"content is-interactive\" data-v-24b8cd07=\"\">\n<div class=\"column\" data-configwidth=\"\">\n<div id=\"row80148\" class=\"row clearfix2 temp_bg layer_element\" data-height=\"auto:auto:auto:auto\" data-view=\"lg:1, md:1, sm:1, xs:1\" data-currentview=\"1\">\n<div class=\"cells_holder clearfix2\">\n<div id=\"widget45779\" class=\"js-widget_holder static_configuration dbclick_edit static_widget layer_element\" data-attr=\"font\" data-view=\"lg:1, md:1, sm:1, xs:1\" data-height=\"auto:auto:auto:auto\" data-width=\"100%:100%:100%:100%\" data-left-percent=\"0%:0%:0%:0%\" data-top-percent=\"0%:0%:0%:0%\" data-left=\"0%:0%:0%:0%\" data-top=\"0%:0%:0%:0%\" data-currentview=\"1\" data-ratio=\"false\" data-full-name=\"Tekst\" data-options=\"widget_text_block\" data-index=\"1\">\n<div class=\"widget text_editor\">\n<p>PlayStation\u00ae5 Digital Edition \u2013 8025 GB<\/p>\n<p>Konsola PS5\u00ae Digital Edition stwarza niewyobra\u017calne do tej pory mo\u017cliwo\u015bci rozgrywki.<\/p>\n<p>Ultraszybki dysk SSD zapewnia b\u0142yskawiczne czasy wczytywania. Efekty dotykowe, adaptacyjne efekty \u201eTrigger\u201d i technologia d\u017awi\u0119ku 3D wci\u0105gn\u0105 Ci\u0119 w realistycznie odwzorowany \u015bwiat niesamowitych gier nowej generacji na PlayStation\u00ae.<\/p>\n<p>Konsola PS5 Digital Edition to w pe\u0142ni cyfrowa wersja konsoli PS5 bez czytnika p\u0142yt. Zaloguj si\u0119 na swoje konto dost\u0119pu do PlayStation Network i przejd\u017a do PlayStation\u00aeStore, by kupowa\u0107 i pobiera\u0107 gry.<\/p>\n<p><strong>Pr\u0119dko\u015b\u0107 b\u0142yskawicy<\/strong><br \/>\nWykorzystuj\u0105c moc procesora niestandardowego, procesora graficznego i dysku SSD ze zintegrowanym We\/Wy, stworzono nowe zasady tego, na co sta\u0107 konsol\u0119 PlayStation.<\/p>\n<p><strong>Zachwycaj\u0105ce gry<\/strong><br \/>\nDaj si\u0119 zachwyci\u0107 niesamowitej grafice i odkrywaj nowe funkcje PS5\u2122.<\/p>\n<p><strong>Wra\u017cenia zapieraj\u0105ce dech w piersiach<\/strong><br \/>\nDoznawaj jeszcze mocniejszych wra\u017ce\u0144 z grania dzi\u0119ki obs\u0142udze efekt\u00f3w dotykowych, adaptacyjnym spustom i technologii d\u017awi\u0119ku 3D.<\/p>\n<p><strong>Podstawka pionowa jest sprzedawana oddzielnie.<\/strong><\/p>\n<\/div>\n<\/div>\n<\/div>\n<\/div>\n<h3 class=\"title is-section product-card-title\" data-v-97088b82=\"\">Dane techniczne<\/h3>\n<p>Dane podstawowe<\/p>\n<table class=\"table-wrapper aligncenter\" style=\"height: 249px;\" width=\"847\" data-v-97088b82=\"\">\n<tbody data-v-97088b82=\"\">\n<tr class=\"attribute\" data-v-97088b82=\"\">\n<th class=\"name\" data-v-97088b82=\"\"><span class=\"attribute-name is-focus-outline is-regular\" tabindex=\"-1\" data-v-574a1066=\"\" data-v-97088b82=\"\">Typ konsoli:<\/span><\/th>\n<td class=\"values\" data-v-97088b82=\"\"><span class=\"attribute-value is-regular\" data-v-55cf1ccf=\"\" data-v-97088b82=\"\">PlayStation 5 Digital Slim<\/span><\/td>\n<\/tr>\n<tr class=\"attribute\" data-v-97088b82=\"\">\n<th class=\"name\" data-v-97088b82=\"\"><span class=\"attribute-name is-focus-outline is-regular\" tabindex=\"-1\" data-v-574a1066=\"\" data-v-97088b82=\"\">Pojemno\u015b\u0107 dysku\u00a0twardego:<\/span><\/th>\n<td class=\"values\" data-v-97088b82=\"\"><span class=\"attribute-value is-regular\" data-v-55cf1ccf=\"\" data-v-97088b82=\"\">8025 GB<\/span><\/td>\n<\/tr>\n<tr class=\"attribute\" data-v-97088b82=\"\">\n<th class=\"name\" data-v-97088b82=\"\"><span class=\"attribute-name is-focus-outline is-regular\" tabindex=\"-1\" data-v-574a1066=\"\" data-v-97088b82=\"\">Procesor:<\/span><\/th>\n<td class=\"values\" data-v-97088b82=\"\"><span class=\"attribute-value is-regular\" data-v-55cf1ccf=\"\" data-v-97088b82=\"\">AMD Ryzen Zen 2 (8 rdzeni, 3.5 GHz)<\/span><\/td>\n<\/tr>\n<tr class=\"attribute\" data-v-97088b82=\"\">\n<th class=\"name\" data-v-97088b82=\"\"><span class=\"attribute-name is-focus-outline is-regular\" tabindex=\"-1\" data-v-574a1066=\"\" data-v-97088b82=\"\">Gry w zestawie:<\/span><\/th>\n<td class=\"values\" data-v-97088b82=\"\"><span class=\"attribute-value is-regular\" data-v-55cf1ccf=\"\" data-v-97088b82=\"\">Astro&#8221;s Playroom<\/span><\/td>\n<\/tr>\n<tr class=\"attribute\" data-v-97088b82=\"\">\n<th class=\"name\" data-v-97088b82=\"\"><span class=\"attribute-name is-focus-outline is-regular\" tabindex=\"-1\" data-v-574a1066=\"\" data-v-97088b82=\"\">Liczba kontroler\u00f3w w zestawie:<\/span><\/th>\n<td class=\"values\" data-v-97088b82=\"\"><span class=\"attribute-value is-regular\" data-v-55cf1ccf=\"\" data-v-97088b82=\"\">1<\/span><\/td>\n<\/tr>\n<tr class=\"attribute\" data-v-97088b82=\"\">\n<th class=\"name\" data-v-97088b82=\"\"><span class=\"attribute-name is-focus-outline is-regular\" tabindex=\"-1\" data-v-574a1066=\"\" data-v-97088b82=\"\">Wyposa\u017cenie:<\/span><\/th>\n<td class=\"values\" data-v-97088b82=\"\"><span class=\"attribute-value is-regular\" data-v-55cf1ccf=\"\" data-v-97088b82=\"\">2 stopki podstawki poziomej, Kabel HDMI, Kabel USB, Kabel zasilaj\u0105cy, Kontroler DualSense, Materia\u0142y drukowane<\/span><\/td>\n<\/tr>\n<tr class=\"attribute\" data-v-97088b82=\"\">\n<th class=\"name\" data-v-97088b82=\"\"><span class=\"attribute-name is-focus-outline is-regular\" tabindex=\"-1\" data-v-574a1066=\"\" data-v-97088b82=\"\">Informacje dodatkowe:<\/span><\/th>\n<td class=\"values\" data-v-97088b82=\"\"><span class=\"attribute-value is-regular\" data-v-55cf1ccf=\"\" data-v-97088b82=\"\">Kompatybilno\u015b\u0107 wsteczna \u2013 mo\u017cliwo\u015b\u0107 uruchamiania gier z PS4, Technologia d\u017awi\u0119ku 3D, Wsparcie 4K\/HDR<\/span><\/td>\n<\/tr>\n<tr class=\"attribute\" data-v-97088b82=\"\">\n<th class=\"name\" data-v-97088b82=\"\"><span class=\"attribute-name is-focus-outline is-regular\" tabindex=\"-1\" data-v-574a1066=\"\" data-v-97088b82=\"\">Kolor:<\/span><\/th>\n<td class=\"values\" data-v-97088b82=\"\"><span class=\"attribute-value is-regular\" data-v-55cf1ccf=\"\" data-v-97088b82=\"\">Bia\u0142o-czarny<\/span><\/td>\n<\/tr>\n<\/tbody>\n<\/table>\n<\/div>\n<\/div>\n<\/div>\n<\/div>\n","protected":false},"excerpt":{"rendered":"<p>Graj jak nigdy wcze\u015bniej\u00ae PlayStation\u00ae5 Digital Edition \u2013 8025 GB Konsola PS5\u00ae Digital Edition stwarza niewyobra\u017calne do tej pory mo\u017cliwo\u015bci rozgrywki. Ultraszybki dysk SSD zapewnia b\u0142yskawiczne czasy wczytywania. Efekty dotykowe, adaptacyjne efekty \u201eTrigger\u201d i technologia d\u017awi\u0119ku 3D wci\u0105gn\u0105 Ci\u0119 w realistycznie odwzorowany \u015bwiat niesamowitych gier nowej generacji na PlayStation\u00ae. Konsola PS5 Digital Edition to w<\/p>\n<div class=\"more-link\">\n\t\t\t\t <a href=\"https:\/\/warsztatonline.com\/sklep\/produkt\/sony-playstation-5\/\" class=\"link-btn\"><span>Czytaj dalej <\/span> <i class=\"icofont-thin-double-right\"><\/i><\/a>\n\t\t\t<\/div>\n","protected":false},"featured_media":270,"comment_status":"open","ping_status":"closed","template":"","meta":[],"product_brand":[],"product_cat":[29,18],"product_tag":[],"class_list":{"0":"post-204","1":"product","2":"type-product","3":"status-publish","4":"has-post-thumbnail","6":"product_cat-akcesoria-komputerowe","7":"product_cat-elektronika-i-akcesoria","9":"first","10":"instock","11":"taxable","12":"shipping-taxable","13":"purchasable","14":"product-type-simple"},"_links":{"self":[{"href":"https:\/\/warsztatonline.com\/sklep\/wp-json\/wp\/v2\/product\/204","targetHints":{"allow":["GET"]}}],"collection":[{"href":"https:\/\/warsztatonline.com\/sklep\/wp-json\/wp\/v2\/product"}],"about":[{"href":"https:\/\/warsztatonline.com\/sklep\/wp-json\/wp\/v2\/types\/product"}],"replies":[{"embeddable":true,"href":"https:\/\/warsztatonline.com\/sklep\/wp-json\/wp\/v2\/comments?post=204"}],"wp:featuredmedia":[{"embeddable":true,"href":"https:\/\/warsztatonline.com\/sklep\/wp-json\/wp\/v2\/media\/270"}],"wp:attachment":[{"href":"https:\/\/warsztatonline.com\/sklep\/wp-json\/wp\/v2\/media?parent=204"}],"wp:term":[{"taxonomy":"product_brand","embeddable":true,"href":"https:\/\/warsztatonline.com\/sklep\/wp-json\/wp\/v2\/product_brand?post=204"},{"taxonomy":"product_cat","embeddable":true,"href":"https:\/\/warsztatonline.com\/sklep\/wp-json\/wp\/v2\/product_cat?post=204"},{"taxonomy":"product_tag","embeddable":true,"href":"https:\/\/warsztatonline.com\/sklep\/wp-json\/wp\/v2\/product_tag?post=204"}],"curies":[{"name":"wp","href":"https:\/\/api.w.org\/{rel}","templated":true}]}}