{"id":207,"date":"2025-12-24T13:10:10","date_gmt":"2025-12-24T13:10:10","guid":{"rendered":"https:\/\/pkcbtm.freeko.pl\/sklep\/produkt\/tefal-ingenio-5-garnki\/"},"modified":"2025-12-24T18:51:30","modified_gmt":"2025-12-24T18:51:30","slug":"tefal-ingenio-5-garnki","status":"publish","type":"product","link":"https:\/\/warsztatonline.com\/sklep\/produkt\/tefal-ingenio-5-garnki\/","title":{"rendered":"Tefal Ingenio 5 Garnki"},"content":{"rendered":"<p>Zestaw garnk\u00f3w Tefal Ingenio z odpinanymi uchwytami. Trwa\u0142e i wygodne w u\u017cyciu. Idealne do codziennego gotowania.<\/p>\n<p>&nbsp;<\/p>\n<p><strong>Najwa\u017cniejsze informacje o garnkach Tefal Ingenio Ultimate:<\/strong><\/p>\n<div class=\"ng-star-inserted\">\n<p><strong>Podstawowe informacje:<\/strong><\/p>\n<ul>\n<li><strong>\u015arednica patelni:\u00a0<\/strong>22, 28 cm<\/li>\n<li><strong>\u015arednica<\/strong>\u00a0<strong>rondli:\u00a0<\/strong>16, 20 cm<\/li>\n<li><strong>Rodzaj pow\u0142oki i wytrzyma\u0142o\u015b\u0107<\/strong>: Pow\u0142oka nieprzywieraj\u0105ca Titanium<\/li>\n<li><strong>Materia\u0142 wykonania<\/strong>: Aluminium<\/li>\n<li><strong>Kompatybilno\u015b\u0107 z kuchenkami<\/strong>: Indukcyjne, gazowe, elektryczne, ceramiczne, halogenowe<\/li>\n<\/ul>\n<p>&nbsp;<\/p>\n<p><strong>Dodatkowe informacje:<\/strong><\/p>\n<ul>\n<li><strong>Mo\u017cliwo\u015b\u0107 mycia w zmywarce:\u00a0<\/strong>Tak<\/li>\n<li><strong>Obci\u0105\u017cenie r\u0105czki:\u00a0<\/strong>do 10 kilogram\u00f3w<\/li>\n<li><strong>Mo\u017cliwo\u015b\u0107 stosowania w piekarniku:<\/strong>\u00a0do 250 C\u00b0<\/li>\n<li><strong>R\u0105czka w zestawie:\u00a0<\/strong>Tak<\/li>\n<\/ul>\n<\/div>\n","protected":false},"excerpt":{"rendered":"<p>Zestaw garnk\u00f3w Tefal Ingenio z odpinanymi uchwytami. Trwa\u0142e i wygodne w u\u017cyciu. Idealne do codziennego gotowania. &nbsp; Najwa\u017cniejsze informacje o garnkach Tefal Ingenio Ultimate: Podstawowe informacje: \u015arednica patelni:\u00a022, 28 cm \u015arednica\u00a0rondli:\u00a016, 20 cm Rodzaj pow\u0142oki i wytrzyma\u0142o\u015b\u0107: Pow\u0142oka nieprzywieraj\u0105ca Titanium Materia\u0142 wykonania: Aluminium Kompatybilno\u015b\u0107 z kuchenkami: Indukcyjne, gazowe, elektryczne, ceramiczne, halogenowe &nbsp; Dodatkowe informacje: Mo\u017cliwo\u015b\u0107<\/p>\n<div class=\"more-link\">\n\t\t\t\t <a href=\"https:\/\/warsztatonline.com\/sklep\/produkt\/tefal-ingenio-5-garnki\/\" class=\"link-btn\"><span>Czytaj dalej <\/span> <i class=\"icofont-thin-double-right\"><\/i><\/a>\n\t\t\t<\/div>\n","protected":false},"featured_media":287,"comment_status":"open","ping_status":"closed","template":"","meta":[],"product_brand":[],"product_cat":[19,32],"product_tag":[],"class_list":{"0":"post-207","1":"product","2":"type-product","3":"status-publish","4":"has-post-thumbnail","6":"product_cat-dom-i-ogrod","7":"product_cat-organizacja-domu","9":"first","10":"instock","11":"taxable","12":"shipping-taxable","13":"purchasable","14":"product-type-simple"},"_links":{"self":[{"href":"https:\/\/warsztatonline.com\/sklep\/wp-json\/wp\/v2\/product\/207","targetHints":{"allow":["GET"]}}],"collection":[{"href":"https:\/\/warsztatonline.com\/sklep\/wp-json\/wp\/v2\/product"}],"about":[{"href":"https:\/\/warsztatonline.com\/sklep\/wp-json\/wp\/v2\/types\/product"}],"replies":[{"embeddable":true,"href":"https:\/\/warsztatonline.com\/sklep\/wp-json\/wp\/v2\/comments?post=207"}],"wp:featuredmedia":[{"embeddable":true,"href":"https:\/\/warsztatonline.com\/sklep\/wp-json\/wp\/v2\/media\/287"}],"wp:attachment":[{"href":"https:\/\/warsztatonline.com\/sklep\/wp-json\/wp\/v2\/media?parent=207"}],"wp:term":[{"taxonomy":"product_brand","embeddable":true,"href":"https:\/\/warsztatonline.com\/sklep\/wp-json\/wp\/v2\/product_brand?post=207"},{"taxonomy":"product_cat","embeddable":true,"href":"https:\/\/warsztatonline.com\/sklep\/wp-json\/wp\/v2\/product_cat?post=207"},{"taxonomy":"product_tag","embeddable":true,"href":"https:\/\/warsztatonline.com\/sklep\/wp-json\/wp\/v2\/product_tag?post=207"}],"curies":[{"name":"wp","href":"https:\/\/api.w.org\/{rel}","templated":true}]}}